{"id":137,"date":"2021-06-19T22:55:33","date_gmt":"2021-06-19T19:55:33","guid":{"rendered":"https:\/\/tmsmedical.eu\/?post_type=product&#038;p=137"},"modified":"2021-06-20T00:29:26","modified_gmt":"2021-06-19T21:29:26","slug":"mobile-x-ray-control","status":"publish","type":"product","link":"https:\/\/tmsmedical.eu\/tr\/urun\/mobile-x-ray-control\/","title":{"rendered":"SEYYAR R\u00d6NTGEN"},"content":{"rendered":"","protected":false},"excerpt":{"rendered":"<p>Hastanelerde kullan\u0131lan Seyyar R\u00f6ntgen cihazlar\u0131n\u0131n tamir, montaj-demontaj, bak\u0131m i\u015flemlerini TMS Medical olarak ger\u00e7ekle\u015ftirmekteyiz. \u0130kinci el cihaz al\u0131m sat\u0131m i\u015flerinizi firmam\u0131z ile temasa ge\u00e7erek ger\u00e7ekle\u015ftire bilirsiniz. GE , Siemens , Philips , Toshiba , Hitachi cihazlar\u0131n ikinci el al\u0131m ve sat\u0131mlar\u0131 konusunda firmam\u0131z ile ileti\u015fime ge\u00e7e bilirisiniz<\/p>\n","protected":false},"featured_media":138,"template":"","meta":[],"class_list":["post-137","product","type-product","status-publish","has-post-thumbnail","hentry","product_cat-genel"],"_links":{"self":[{"href":"https:\/\/tmsmedical.eu\/tr\/wp-json\/wp\/v2\/product\/137","targetHints":{"allow":["GET"]}}],"collection":[{"href":"https:\/\/tmsmedical.eu\/tr\/wp-json\/wp\/v2\/product"}],"about":[{"href":"https:\/\/tmsmedical.eu\/tr\/wp-json\/wp\/v2\/types\/product"}],"wp:featuredmedia":[{"embeddable":true,"href":"https:\/\/tmsmedical.eu\/tr\/wp-json\/wp\/v2\/media\/138"}],"wp:attachment":[{"href":"https:\/\/tmsmedical.eu\/tr\/wp-json\/wp\/v2\/media?parent=137"}],"curies":[{"name":"wp","href":"https:\/\/api.w.org\/{rel}","templated":true}]}}